{"id":43,"date":"2023-07-17T13:51:37","date_gmt":"2023-07-17T11:51:37","guid":{"rendered":"http:\/\/autoescuelabenidorm.com\/?page_id=43"},"modified":"2025-07-10T09:35:49","modified_gmt":"2025-07-10T07:35:49","slug":"contacto","status":"publish","type":"page","link":"https:\/\/autoescuelabenidorm.com\/en\/contacto\/","title":{"rendered":"Contact"},"content":{"rendered":"<p>[et_pb_section fb_built=\u00bb1&#8243; _builder_version=\u00bb4.21.0&#8243; _module_preset=\u00bbdefault\u00bb background_color=\u00bb#1d9adb\u00bb min_height=\u00bb366px\u00bb max_height=\u00bb4vh\u00bb max_height_tablet=\u00bb4vh\u00bb max_height_phone=\u00bb5vh\u00bb max_height_last_edited=\u00bbon|phone\u00bb custom_margin=\u00bb||||false|false\u00bb custom_padding=\u00bb0px||0px||false|false\u00bb bottom_divider_style=\u00bbslant\u00bb bottom_divider_color=\u00bb#FFFFFF\u00bb bottom_divider_height=\u00bb37px\u00bb bottom_divider_arrangement=\u00bbabove_content\u00bb locked=\u00bboff\u00bb global_colors_info=\u00bb{}\u00bb][et_pb_row column_structure=\u00bb1_2,1_2&#8243; _builder_version=\u00bb4.21.0&#8243; _module_preset=\u00bbdefault\u00bb width=\u00bb100%\u00bb max_width=\u00bb2560px\u00bb global_colors_info=\u00bb{}\u00bb][et_pb_column type=\u00bb1_2&#8243; _builder_version=\u00bb4.21.0&#8243; _module_preset=\u00bbdefault\u00bb global_colors_info=\u00bb{}\u00bb][et_pb_text _builder_version=\u00bb4.21.0&#8243; _module_preset=\u00bbdefault\u00bb text_font=\u00bbNunito|300|||||||\u00bb text_text_color=\u00bb#FFFFFF\u00bb text_font_size=\u00bb15px\u00bb link_text_color=\u00bb#FFFFFF\u00bb header_font=\u00bbNunito|300|||||||\u00bb header_text_color=\u00bb#FFFFFF\u00bb custom_margin=\u00bb3vh||1vh|20vh|false|false\u00bb custom_margin_tablet=\u00bb3vh||1vh|20vh|false|false\u00bb custom_margin_phone=\u00bb3vh|5vw|1vh|5vw|false|false\u00bb custom_margin_last_edited=\u00bbon|phone\u00bb global_colors_info=\u00bb{}\u00bb]<\/p>\n<p><a href=\"http:\/\/autoescuelabenidorm.com\">Inicio<\/a> &gt;<strong> Contacto<\/strong><\/p>\n<p>[\/et_pb_text][et_pb_text _builder_version=\u00bb4.21.0&#8243; _module_preset=\u00bbdefault\u00bb header_font=\u00bbNunito|300|||||||\u00bb header_text_color=\u00bb#FFFFFF\u00bb header_font_size=\u00bb38px\u00bb custom_margin=\u00bb0px||3vh|20vh|false|false\u00bb custom_margin_tablet=\u00bb0px||3vh|20vh|false|false\u00bb custom_margin_phone=\u00bb0px|5vw|3vh|5vw|false|false\u00bb custom_margin_last_edited=\u00bbon|phone\u00bb custom_padding=\u00bb0px||||false|false\u00bb header_font_size_tablet=\u00bb38px\u00bb header_font_size_phone=\u00bb26px\u00bb header_font_size_last_edited=\u00bbon|phone\u00bb global_colors_info=\u00bb{}\u00bb]<\/p>\n<h1><strong>\u00bfAlguna duda?<\/strong> Contacta con nosotros y te la solucionamos<\/h1>\n<p>[\/et_pb_text][et_pb_text _builder_version=\u00bb4.21.0&#8243; _module_preset=\u00bbdefault\u00bb text_font=\u00bbNunito|500|||||||\u00bb text_text_color=\u00bb#000000&#8243; text_font_size=\u00bb31px\u00bb text_line_height=\u00bb1em\u00bb background_color=\u00bb#FFFFFF\u00bb width=\u00bb47%\u00bb width_tablet=\u00bb47%\u00bb width_phone=\u00bb100%\u00bb width_last_edited=\u00bbon|phone\u00bb max_width=\u00bb66%\u00bb max_width_tablet=\u00bb66%\u00bb max_width_phone=\u00bb70%\u00bb max_width_last_edited=\u00bbon|phone\u00bb custom_margin=\u00bb|||20vh|false|false\u00bb custom_margin_tablet=\u00bb|||20vh|false|false\u00bb custom_margin_phone=\u00bb|5vw||5vw|false|false\u00bb custom_margin_last_edited=\u00bbon|phone\u00bb custom_padding=\u00bb14px|9px|10px|16px|false|false\u00bb text_font_size_tablet=\u00bb31px\u00bb text_font_size_phone=\u00bb18px\u00bb text_font_size_last_edited=\u00bbon|phone\u00bb global_colors_info=\u00bb{}\u00bb]<\/p>\n<p>Ll\u00e1manos o h\u00e1blanos <strong>aqu\u00ed<\/strong><\/p>\n<p>[\/et_pb_text][\/et_pb_column][et_pb_column type=\u00bb1_2&#8243; _builder_version=\u00bb4.21.0&#8243; _module_preset=\u00bbdefault\u00bb global_colors_info=\u00bb{}\u00bb][et_pb_image src=\u00bbhttp:\/\/autoescuelabenidorm.com\/wp-content\/uploads\/2023\/07\/Chica-contacto.png\u00bb title_text=\u00bbChica contacto\u00bb align_tablet=\u00bb\u00bb align_phone=\u00bbright\u00bb align_last_edited=\u00bbon|phone\u00bb _builder_version=\u00bb4.21.0&#8243; _module_preset=\u00bbdefault\u00bb transform_scale_tablet=\u00bb\u00bb transform_scale_phone=\u00bb\u00bb transform_scale_last_edited=\u00bbon|phone\u00bb transform_translate_tablet=\u00bb\u00bb transform_translate_phone=\u00bb-3vh|-3vh\u00bb transform_translate_last_edited=\u00bbon|phone\u00bb transform_rotate_tablet=\u00bb\u00bb transform_rotate_phone=\u00bb\u00bb transform_rotate_last_edited=\u00bbon|phone\u00bb transform_skew_tablet=\u00bb\u00bb transform_skew_phone=\u00bb\u00bb transform_skew_last_edited=\u00bbon|phone\u00bb transform_origin_tablet=\u00bb\u00bb transform_origin_phone=\u00bb\u00bb transform_origin_last_edited=\u00bbon|phone\u00bb transform_styles_last_edited=\u00bbon|phone\u00bb width=\u00bb66%\u00bb width_tablet=\u00bb66%\u00bb width_phone=\u00bb50%\u00bb width_last_edited=\u00bbon|phone\u00bb module_alignment=\u00bbright\u00bb custom_margin=\u00bb2vh||0px||false|false\u00bb custom_padding=\u00bb|8vh|||false|false\u00bb transform_styles_tablet=\u00bb\u00bb transform_styles_phone=\u00bb\u00bb global_colors_info=\u00bb{}\u00bb][\/et_pb_image][\/et_pb_column][\/et_pb_row][\/et_pb_section][et_pb_section fb_built=\u00bb1&#8243; custom_padding_last_edited=\u00bbon|phone\u00bb _builder_version=\u00bb4.21.0&#8243; _module_preset=\u00bbdefault\u00bb background_color=\u00bb#ffffff\u00bb z_index=\u00bb5&#8243; custom_margin_tablet=\u00bb\u00bb custom_margin_phone=\u00bb||0px||false|false\u00bb custom_margin_last_edited=\u00bbon|phone\u00bb custom_padding_tablet=\u00bb\u00bb custom_padding_phone=\u00bb||0px||false|false\u00bb global_colors_info=\u00bb{}\u00bb][et_pb_row column_structure=\u00bb1_2,1_2&#8243; custom_padding_last_edited=\u00bbon|phone\u00bb _builder_version=\u00bb4.21.0&#8243; _module_preset=\u00bbdefault\u00bb custom_margin_tablet=\u00bb\u00bb custom_margin_phone=\u00bb0px||||false|false\u00bb custom_margin_last_edited=\u00bbon|phone\u00bb custom_padding_tablet=\u00bb\u00bb custom_padding_phone=\u00bb0px||||false|false\u00bb global_colors_info=\u00bb{}\u00bb][et_pb_column type=\u00bb1_2&#8243; _builder_version=\u00bb4.21.0&#8243; _module_preset=\u00bbdefault\u00bb global_colors_info=\u00bb{}\u00bb][et_pb_image src=\u00bbhttp:\/\/autoescuelabenidorm.com\/wp-content\/uploads\/2023\/07\/Logo-autoescuela-benidorm.png\u00bb alt=\u00bbLogo autoescuela Benidorm\u00bb title_text=\u00bbLogo autoescuela Benidorm\u00bb _builder_version=\u00bb4.21.0&#8243; _module_preset=\u00bbdefault\u00bb width=\u00bb45%\u00bb width_tablet=\u00bb45%\u00bb width_phone=\u00bb100%\u00bb width_last_edited=\u00bbon|phone\u00bb global_colors_info=\u00bb{}\u00bb][\/et_pb_image][et_pb_contact_form email=\u00bbautoescuelabenidorm@hotmail.com\u00bb custom_message=\u00bbContacto desde la web:||et_pb_line_break_holder||||et_pb_line_break_holder||Nombre: %%Name%%||et_pb_line_break_holder||Email: %%Email%%||et_pb_line_break_holder||Mensaje: %%Message%%\u00bb _builder_version=\u00bb4.21.0&#8243; _module_preset=\u00bbdefault\u00bb _unique_id=\u00bbbec791fc-9073-44ac-8469-bbad0ed1a1e4&#8243; title_font=\u00bbNunito||||||||\u00bb form_field_font=\u00bbNunito||||||||\u00bb custom_button=\u00bbon\u00bb button_text_color=\u00bb#FFFFFF\u00bb button_bg_color=\u00bb#1d9adb\u00bb button_font=\u00bbNunito|300|||||||\u00bb button_icon=\u00bb&#xe046;||divi||400&#8243; button_on_hover=\u00bboff\u00bb button_custom_padding=\u00bb1px||1px||false|false\u00bb hover_enabled=\u00bb0&#8243; global_colors_info=\u00bb{}\u00bb sticky_enabled=\u00bb0&#8243;][et_pb_contact_field field_id=\u00bbName\u00bb field_title=\u00bbNombre\u00bb _builder_version=\u00bb4.16&#8243; global_colors_info=\u00bb{}\u00bb button_text_size__hover_enabled=\u00bboff\u00bb button_one_text_size__hover_enabled=\u00bboff\u00bb button_two_text_size__hover_enabled=\u00bboff\u00bb button_text_color__hover_enabled=\u00bboff\u00bb button_one_text_color__hover_enabled=\u00bboff\u00bb button_two_text_color__hover_enabled=\u00bboff\u00bb button_border_width__hover_enabled=\u00bboff\u00bb button_one_border_width__hover_enabled=\u00bboff\u00bb button_two_border_width__hover_enabled=\u00bboff\u00bb button_border_color__hover_enabled=\u00bboff\u00bb button_one_border_color__hover_enabled=\u00bboff\u00bb button_two_border_color__hover_enabled=\u00bboff\u00bb button_border_radius__hover_enabled=\u00bboff\u00bb button_one_border_radius__hover_enabled=\u00bboff\u00bb button_two_border_radius__hover_enabled=\u00bboff\u00bb button_letter_spacing__hover_enabled=\u00bboff\u00bb button_one_letter_spacing__hover_enabled=\u00bboff\u00bb button_two_letter_spacing__hover_enabled=\u00bboff\u00bb button_bg_color__hover_enabled=\u00bboff\u00bb button_one_bg_color__hover_enabled=\u00bboff\u00bb button_two_bg_color__hover_enabled=\u00bboff\u00bb][\/et_pb_contact_field][et_pb_contact_field field_id=\u00bbEmail\u00bb field_title=\u00bbDirecci\u00f3n de correo electr\u00f3nico\u00bb field_type=\u00bbemail\u00bb _builder_version=\u00bb4.16&#8243; global_colors_info=\u00bb{}\u00bb button_text_size__hover_enabled=\u00bboff\u00bb button_one_text_size__hover_enabled=\u00bboff\u00bb button_two_text_size__hover_enabled=\u00bboff\u00bb button_text_color__hover_enabled=\u00bboff\u00bb button_one_text_color__hover_enabled=\u00bboff\u00bb button_two_text_color__hover_enabled=\u00bboff\u00bb button_border_width__hover_enabled=\u00bboff\u00bb button_one_border_width__hover_enabled=\u00bboff\u00bb button_two_border_width__hover_enabled=\u00bboff\u00bb button_border_color__hover_enabled=\u00bboff\u00bb button_one_border_color__hover_enabled=\u00bboff\u00bb button_two_border_color__hover_enabled=\u00bboff\u00bb button_border_radius__hover_enabled=\u00bboff\u00bb button_one_border_radius__hover_enabled=\u00bboff\u00bb button_two_border_radius__hover_enabled=\u00bboff\u00bb button_letter_spacing__hover_enabled=\u00bboff\u00bb button_one_letter_spacing__hover_enabled=\u00bboff\u00bb button_two_letter_spacing__hover_enabled=\u00bboff\u00bb button_bg_color__hover_enabled=\u00bboff\u00bb button_one_bg_color__hover_enabled=\u00bboff\u00bb button_two_bg_color__hover_enabled=\u00bboff\u00bb][\/et_pb_contact_field][et_pb_contact_field field_id=\u00bbMessage\u00bb field_title=\u00bbMensaje\u00bb field_type=\u00bbtext\u00bb fullwidth_field=\u00bbon\u00bb _builder_version=\u00bb4.16&#8243; global_colors_info=\u00bb{}\u00bb button_text_size__hover_enabled=\u00bboff\u00bb button_one_text_size__hover_enabled=\u00bboff\u00bb button_two_text_size__hover_enabled=\u00bboff\u00bb button_text_color__hover_enabled=\u00bboff\u00bb button_one_text_color__hover_enabled=\u00bboff\u00bb button_two_text_color__hover_enabled=\u00bboff\u00bb button_border_width__hover_enabled=\u00bboff\u00bb button_one_border_width__hover_enabled=\u00bboff\u00bb button_two_border_width__hover_enabled=\u00bboff\u00bb button_border_color__hover_enabled=\u00bboff\u00bb button_one_border_color__hover_enabled=\u00bboff\u00bb button_two_border_color__hover_enabled=\u00bboff\u00bb button_border_radius__hover_enabled=\u00bboff\u00bb button_one_border_radius__hover_enabled=\u00bboff\u00bb button_two_border_radius__hover_enabled=\u00bboff\u00bb button_letter_spacing__hover_enabled=\u00bboff\u00bb button_one_letter_spacing__hover_enabled=\u00bboff\u00bb button_two_letter_spacing__hover_enabled=\u00bboff\u00bb button_bg_color__hover_enabled=\u00bboff\u00bb button_one_bg_color__hover_enabled=\u00bboff\u00bb button_two_bg_color__hover_enabled=\u00bboff\u00bb][\/et_pb_contact_field][et_pb_contact_field field_id=\u00bbPoliticaPrivacidad\u00bb field_type=\u00bbcheckbox\u00bb checkbox_options=\u00bb%91{%22value%22:%22Acepto la %22,%22checked%22:0,%22dragID%22:-1,%22link_url%22:%22https:\/\/autoescuelabenidorm.com\/politica-de-privacidad\/%22,%22link_text%22:%22pol\u00edtica de privacidad%22}%93&#8243; fullwidth_field=\u00bbon\u00bb _builder_version=\u00bb4.21.0&#8243; _dynamic_attributes=\u00bblink_option_url\u00bb _module_preset=\u00bbdefault\u00bb link_option_url=\u00bb@ET-DC@eyJkeW5hbWljIjp0cnVlLCJjb250ZW50IjoicG9zdF9saW5rX3VybF9wYWdlIiwic2V0dGluZ3MiOnsicG9zdF9pZCI6IjQ3In19@\u00bb hover_enabled=\u00bb0&#8243; global_colors_info=\u00bb{}\u00bb field_title=\u00bb \u00bb sticky_enabled=\u00bb0&#8243;][\/et_pb_contact_field][\/et_pb_contact_form][\/et_pb_column][et_pb_column type=\u00bb1_2&#8243; _builder_version=\u00bb4.21.0&#8243; _module_preset=\u00bbdefault\u00bb global_colors_info=\u00bb{}\u00bb][et_pb_text _builder_version=\u00bb4.21.0&#8243; _module_preset=\u00bbdefault\u00bb text_font=\u00bbNunito|300|||||||\u00bb text_font_size=\u00bb18px\u00bb link_font=\u00bb|700|||||||\u00bb link_text_color=\u00bb#1d9adb\u00bb link_font_size=\u00bb21px\u00bb header_3_font=\u00bb|700|||||||\u00bb text_font_size_tablet=\u00bb18px\u00bb text_font_size_phone=\u00bb18px\u00bb text_font_size_last_edited=\u00bbon|phone\u00bb link_font_size_tablet=\u00bb21px\u00bb link_font_size_phone=\u00bb18px\u00bb link_font_size_last_edited=\u00bbon|phone\u00bb global_colors_info=\u00bb{}\u00bb]<\/p>\n<h3>Correo electr\u00f3nico<\/h3>\n<p><a href=\"mailto:autoescuelabenidorm@hotmail.com\">autoescuelabenidorm@hotmail.com<\/a><br \/>Cont\u00e1ctanos en cualquier momento para aclarar tus dudas.<\/p>\n<p>&nbsp;<\/p>\n<h3>Tel\u00e9fono<\/h3>\n<p><a href=\"tel:+34650311098\">+34 650 31 10 98<\/a><br \/>Cont\u00e1ctanos en cualquier momento para aclarar tus dudas.<\/p>\n<p>&nbsp;<\/p>\n<h3>Horario de atenci\u00f3n<\/h3>\n<p>Horario autoescuela: 10.00 a 13.00 y 16.00 a 19.00<br \/>Horario te\u00f3ricas: 11.00 a 12.00 y 17.15 a 18.15<br \/>Horario pr\u00e1cticas: de 7.30 de la ma\u00f1ana a 22.00h<\/p>\n<p>[\/et_pb_text][\/et_pb_column][\/et_pb_row][\/et_pb_section]<\/p>\n","protected":false},"excerpt":{"rendered":"<p>Inicio &gt; Contacto\u00bfAlguna duda? Contacta con nosotros y te la solucionamosLl\u00e1manos o h\u00e1blanos aqu\u00edCorreo electr\u00f3nico autoescuelabenidorm@hotmail.comCont\u00e1ctanos en cualquier momento para aclarar tus dudas. &nbsp; Tel\u00e9fono +34 650 31 10 98Cont\u00e1ctanos en cualquier momento para aclarar tus dudas. &nbsp; Horario de atenci\u00f3n Horario autoescuela: 10.00 a 13.00 y 16.00 a 19.00Horario te\u00f3ricas: 11.00 a 12.00 y [&hellip;]<\/p>\n","protected":false},"author":1,"featured_media":0,"parent":0,"menu_order":0,"comment_status":"closed","ping_status":"closed","template":"","meta":{"_et_pb_use_builder":"on","_et_pb_old_content":"<!-- wp:divi\/placeholder \/-->","_et_gb_content_width":"","inline_featured_image":false,"footnotes":""},"class_list":["post-43","page","type-page","status-publish","hentry"],"yoast_head":"<!-- This site is optimized with the Yoast SEO plugin v27.3 - https:\/\/yoast.com\/product\/yoast-seo-wordpress\/ -->\r\n<title>Contacto - Autoescuela Benidorm<\/title>\r\n<meta name=\"description\" content=\"Contacta con nosotros para consultar dudas, o contratar alguno de nuestros servicios. Puedes hacerlo por tel\u00e9fono o email.\" \/>\r\n<meta name=\"robots\" content=\"index, follow, max-snippet:-1, max-image-preview:large, max-video-preview:-1\" \/>\r\n<link rel=\"canonical\" href=\"https:\/\/autoescuelabenidorm.com\/en\/contacto\/\" \/>\r\n<meta property=\"og:locale\" content=\"en_GB\" \/>\r\n<meta property=\"og:type\" content=\"article\" \/>\r\n<meta property=\"og:title\" content=\"Contacto\" \/>\r\n<meta property=\"og:description\" content=\"Contacta con nosotros para consultar dudas, o contratar alguno de nuestros servicios.\" \/>\r\n<meta property=\"og:url\" content=\"https:\/\/autoescuelabenidorm.com\/en\/contacto\/\" \/>\r\n<meta property=\"og:site_name\" content=\"Autoescuela Benidorm\" \/>\r\n<meta property=\"article:modified_time\" content=\"2025-07-10T07:35:49+00:00\" \/>\r\n<meta property=\"og:image\" content=\"https:\/\/autoescuelabenidorm.com\/wp-content\/uploads\/2023\/07\/Logo-Fondo-blanco.png\" \/>\r\n\t<meta property=\"og:image:width\" content=\"348\" \/>\r\n\t<meta property=\"og:image:height\" content=\"198\" \/>\r\n\t<meta property=\"og:image:type\" content=\"image\/png\" \/>\r\n<meta name=\"twitter:card\" content=\"summary_large_image\" \/>\r\n<meta name=\"twitter:title\" content=\"Contacto\" \/>\r\n<meta name=\"twitter:description\" content=\"Contacta con nosotros para consultar dudas, o contratar alguno de nuestros servicios.\" \/>\r\n<meta name=\"twitter:image\" content=\"https:\/\/autoescuelabenidorm.com\/wp-content\/uploads\/2023\/07\/Logo-Fondo-blanco.png\" \/>\r\n<meta name=\"twitter:label1\" content=\"Estimated reading time\" \/>\n\t<meta name=\"twitter:data1\" content=\"2 minutes\" \/>\r\n<script type=\"application\/ld+json\" class=\"yoast-schema-graph\">{\"@context\":\"https:\\\/\\\/schema.org\",\"@graph\":[{\"@type\":[\"WebPage\",\"ContactPage\"],\"@id\":\"https:\\\/\\\/autoescuelabenidorm.com\\\/contacto\\\/\",\"url\":\"https:\\\/\\\/autoescuelabenidorm.com\\\/contacto\\\/\",\"name\":\"Contacto - Autoescuela Benidorm\",\"isPartOf\":{\"@id\":\"https:\\\/\\\/autoescuelabenidorm.com\\\/#website\"},\"datePublished\":\"2023-07-17T11:51:37+00:00\",\"dateModified\":\"2025-07-10T07:35:49+00:00\",\"description\":\"Contacta con nosotros para consultar dudas, o contratar alguno de nuestros servicios. Puedes hacerlo por tel\u00e9fono o email.\",\"breadcrumb\":{\"@id\":\"https:\\\/\\\/autoescuelabenidorm.com\\\/contacto\\\/#breadcrumb\"},\"inLanguage\":\"en-GB\",\"potentialAction\":[{\"@type\":\"ReadAction\",\"target\":[\"https:\\\/\\\/autoescuelabenidorm.com\\\/contacto\\\/\"]}]},{\"@type\":\"BreadcrumbList\",\"@id\":\"https:\\\/\\\/autoescuelabenidorm.com\\\/contacto\\\/#breadcrumb\",\"itemListElement\":[{\"@type\":\"ListItem\",\"position\":1,\"name\":\"Portada\",\"item\":\"https:\\\/\\\/autoescuelabenidorm.com\\\/\"},{\"@type\":\"ListItem\",\"position\":2,\"name\":\"Contacto\"}]},{\"@type\":\"WebSite\",\"@id\":\"https:\\\/\\\/autoescuelabenidorm.com\\\/#website\",\"url\":\"https:\\\/\\\/autoescuelabenidorm.com\\\/\",\"name\":\"Autoescuela Benidorm\",\"description\":\"Tu autoescuela en Benidorm\",\"publisher\":{\"@id\":\"https:\\\/\\\/autoescuelabenidorm.com\\\/#organization\"},\"potentialAction\":[{\"@type\":\"SearchAction\",\"target\":{\"@type\":\"EntryPoint\",\"urlTemplate\":\"https:\\\/\\\/autoescuelabenidorm.com\\\/?s={search_term_string}\"},\"query-input\":{\"@type\":\"PropertyValueSpecification\",\"valueRequired\":true,\"valueName\":\"search_term_string\"}}],\"inLanguage\":\"en-GB\"},{\"@type\":\"Organization\",\"@id\":\"https:\\\/\\\/autoescuelabenidorm.com\\\/#organization\",\"name\":\"Autoescuela Benidorm\",\"url\":\"https:\\\/\\\/autoescuelabenidorm.com\\\/\",\"logo\":{\"@type\":\"ImageObject\",\"inLanguage\":\"en-GB\",\"@id\":\"https:\\\/\\\/autoescuelabenidorm.com\\\/#\\\/schema\\\/logo\\\/image\\\/\",\"url\":\"http:\\\/\\\/autoescuelabenidorm.com\\\/wp-content\\\/uploads\\\/2023\\\/07\\\/Logo-autoescuela-benidorm.png\",\"contentUrl\":\"http:\\\/\\\/autoescuelabenidorm.com\\\/wp-content\\\/uploads\\\/2023\\\/07\\\/Logo-autoescuela-benidorm.png\",\"width\":306,\"height\":136,\"caption\":\"Autoescuela Benidorm\"},\"image\":{\"@id\":\"https:\\\/\\\/autoescuelabenidorm.com\\\/#\\\/schema\\\/logo\\\/image\\\/\"},\"sameAs\":[\"https:\\\/\\\/www.instagram.com\\\/autoescuelabenidorm\\\/\"]}]}<\/script>\r\n<!-- \/ Yoast SEO plugin. -->","yoast_head_json":{"title":"Contacto - Autoescuela Benidorm","description":"Contacta con nosotros para consultar dudas, o contratar alguno de nuestros servicios. Puedes hacerlo por tel\u00e9fono o email.","robots":{"index":"index","follow":"follow","max-snippet":"max-snippet:-1","max-image-preview":"max-image-preview:large","max-video-preview":"max-video-preview:-1"},"canonical":"https:\/\/autoescuelabenidorm.com\/en\/contacto\/","og_locale":"en_GB","og_type":"article","og_title":"Contacto","og_description":"Contacta con nosotros para consultar dudas, o contratar alguno de nuestros servicios.","og_url":"https:\/\/autoescuelabenidorm.com\/en\/contacto\/","og_site_name":"Autoescuela Benidorm","article_modified_time":"2025-07-10T07:35:49+00:00","og_image":[{"width":348,"height":198,"url":"https:\/\/autoescuelabenidorm.com\/wp-content\/uploads\/2023\/07\/Logo-Fondo-blanco.png","type":"image\/png"}],"twitter_card":"summary_large_image","twitter_title":"Contacto","twitter_description":"Contacta con nosotros para consultar dudas, o contratar alguno de nuestros servicios.","twitter_image":"https:\/\/autoescuelabenidorm.com\/wp-content\/uploads\/2023\/07\/Logo-Fondo-blanco.png","twitter_misc":{"Estimated reading time":"2 minutes"},"schema":{"@context":"https:\/\/schema.org","@graph":[{"@type":["WebPage","ContactPage"],"@id":"https:\/\/autoescuelabenidorm.com\/contacto\/","url":"https:\/\/autoescuelabenidorm.com\/contacto\/","name":"Contacto - Autoescuela Benidorm","isPartOf":{"@id":"https:\/\/autoescuelabenidorm.com\/#website"},"datePublished":"2023-07-17T11:51:37+00:00","dateModified":"2025-07-10T07:35:49+00:00","description":"Contacta con nosotros para consultar dudas, o contratar alguno de nuestros servicios. Puedes hacerlo por tel\u00e9fono o email.","breadcrumb":{"@id":"https:\/\/autoescuelabenidorm.com\/contacto\/#breadcrumb"},"inLanguage":"en-GB","potentialAction":[{"@type":"ReadAction","target":["https:\/\/autoescuelabenidorm.com\/contacto\/"]}]},{"@type":"BreadcrumbList","@id":"https:\/\/autoescuelabenidorm.com\/contacto\/#breadcrumb","itemListElement":[{"@type":"ListItem","position":1,"name":"Portada","item":"https:\/\/autoescuelabenidorm.com\/"},{"@type":"ListItem","position":2,"name":"Contacto"}]},{"@type":"WebSite","@id":"https:\/\/autoescuelabenidorm.com\/#website","url":"https:\/\/autoescuelabenidorm.com\/","name":"Autoescuela Benidorm","description":"Tu autoescuela en Benidorm","publisher":{"@id":"https:\/\/autoescuelabenidorm.com\/#organization"},"potentialAction":[{"@type":"SearchAction","target":{"@type":"EntryPoint","urlTemplate":"https:\/\/autoescuelabenidorm.com\/?s={search_term_string}"},"query-input":{"@type":"PropertyValueSpecification","valueRequired":true,"valueName":"search_term_string"}}],"inLanguage":"en-GB"},{"@type":"Organization","@id":"https:\/\/autoescuelabenidorm.com\/#organization","name":"Autoescuela Benidorm","url":"https:\/\/autoescuelabenidorm.com\/","logo":{"@type":"ImageObject","inLanguage":"en-GB","@id":"https:\/\/autoescuelabenidorm.com\/#\/schema\/logo\/image\/","url":"http:\/\/autoescuelabenidorm.com\/wp-content\/uploads\/2023\/07\/Logo-autoescuela-benidorm.png","contentUrl":"http:\/\/autoescuelabenidorm.com\/wp-content\/uploads\/2023\/07\/Logo-autoescuela-benidorm.png","width":306,"height":136,"caption":"Autoescuela Benidorm"},"image":{"@id":"https:\/\/autoescuelabenidorm.com\/#\/schema\/logo\/image\/"},"sameAs":["https:\/\/www.instagram.com\/autoescuelabenidorm\/"]}]}},"_links":{"self":[{"href":"https:\/\/autoescuelabenidorm.com\/en\/wp-json\/wp\/v2\/pages\/43","targetHints":{"allow":["GET"]}}],"collection":[{"href":"https:\/\/autoescuelabenidorm.com\/en\/wp-json\/wp\/v2\/pages"}],"about":[{"href":"https:\/\/autoescuelabenidorm.com\/en\/wp-json\/wp\/v2\/types\/page"}],"author":[{"embeddable":true,"href":"https:\/\/autoescuelabenidorm.com\/en\/wp-json\/wp\/v2\/users\/1"}],"replies":[{"embeddable":true,"href":"https:\/\/autoescuelabenidorm.com\/en\/wp-json\/wp\/v2\/comments?post=43"}],"version-history":[{"count":29,"href":"https:\/\/autoescuelabenidorm.com\/en\/wp-json\/wp\/v2\/pages\/43\/revisions"}],"predecessor-version":[{"id":772,"href":"https:\/\/autoescuelabenidorm.com\/en\/wp-json\/wp\/v2\/pages\/43\/revisions\/772"}],"wp:attachment":[{"href":"https:\/\/autoescuelabenidorm.com\/en\/wp-json\/wp\/v2\/media?parent=43"}],"curies":[{"name":"wp","href":"https:\/\/api.w.org\/{rel}","templated":true}]}}