{"id":41,"date":"2023-07-17T13:51:28","date_gmt":"2023-07-17T11:51:28","guid":{"rendered":"http:\/\/autoescuelabenidorm.com\/?page_id=41"},"modified":"2023-07-26T10:24:33","modified_gmt":"2023-07-26T08:24:33","slug":"test-y-dgt","status":"publish","type":"page","link":"https:\/\/autoescuelabenidorm.com\/en\/test-y-dgt\/","title":{"rendered":"Test &amp; DGT"},"content":{"rendered":"<p>[et_pb_section fb_built=\u00bb1&#8243; _builder_version=\u00bb4.21.0&#8243; _module_preset=\u00bbdefault\u00bb background_color=\u00bb#1d9adb\u00bb min_height=\u00bb366px\u00bb max_height=\u00bb4vh\u00bb custom_margin=\u00bb||||false|false\u00bb custom_padding=\u00bb0px||0px||false|false\u00bb bottom_divider_style=\u00bbslant\u00bb bottom_divider_color=\u00bb#ffffff\u00bb bottom_divider_height=\u00bb37px\u00bb bottom_divider_arrangement=\u00bbabove_content\u00bb locked=\u00bboff\u00bb global_colors_info=\u00bb{}\u00bb][et_pb_row column_structure=\u00bb1_2,1_2&#8243; _builder_version=\u00bb4.21.0&#8243; _module_preset=\u00bbdefault\u00bb width=\u00bb100%\u00bb max_width=\u00bb2560px\u00bb global_colors_info=\u00bb{}\u00bb][et_pb_column type=\u00bb1_2&#8243; _builder_version=\u00bb4.21.0&#8243; _module_preset=\u00bbdefault\u00bb global_colors_info=\u00bb{}\u00bb][et_pb_text _builder_version=\u00bb4.21.0&#8243; _module_preset=\u00bbdefault\u00bb text_font=\u00bbNunito|300|||||||\u00bb text_text_color=\u00bb#FFFFFF\u00bb text_font_size=\u00bb15px\u00bb header_font=\u00bbNunito|300|||||||\u00bb header_text_color=\u00bb#FFFFFF\u00bb custom_margin=\u00bb3vh||1vh|20vh|false|false\u00bb custom_margin_tablet=\u00bb3vh||1vh|20vh|false|false\u00bb custom_margin_phone=\u00bb3vh||1vh|5vw|false|false\u00bb custom_margin_last_edited=\u00bbon|phone\u00bb hover_enabled=\u00bb0&#8243; global_colors_info=\u00bb{}\u00bb link_text_color=\u00bb#FFFFFF\u00bb sticky_enabled=\u00bb0&#8243;]<\/p>\n<p><a href=\"http:\/\/autoescuelabenidorm.com\">Inicio<\/a> &gt;<strong> Test y DGT<\/strong><\/p>\n<p>[\/et_pb_text][et_pb_text _builder_version=\u00bb4.21.0&#8243; _module_preset=\u00bbdefault\u00bb header_font=\u00bbNunito|300|||||||\u00bb header_text_color=\u00bb#FFFFFF\u00bb header_font_size=\u00bb38px\u00bb custom_margin=\u00bb0px||3vh|20vh|false|false\u00bb custom_margin_tablet=\u00bb0px||3vh|20vh|false|false\u00bb custom_margin_phone=\u00bb|5vw||5vw|false|false\u00bb custom_margin_last_edited=\u00bbon|phone\u00bb custom_padding=\u00bb0px||||false|false\u00bb header_font_size_tablet=\u00bb38px\u00bb header_font_size_phone=\u00bb26px\u00bb header_font_size_last_edited=\u00bbon|phone\u00bb global_colors_info=\u00bb{}\u00bb]<\/p>\n<h1><strong>Accede a la DGT y a la plataforma AEOL,<\/strong> revisa ex\u00e1mentes y realiza tests<\/h1>\n<p>[\/et_pb_text][et_pb_text _builder_version=\u00bb4.21.0&#8243; _module_preset=\u00bbdefault\u00bb text_font=\u00bbNunito|500|||||||\u00bb text_text_color=\u00bb#000000&#8243; text_font_size=\u00bb31px\u00bb background_color=\u00bb#FFFFFF\u00bb max_width=\u00bb32%\u00bb max_width_tablet=\u00bb66%\u00bb max_width_phone=\u00bb39%\u00bb max_width_last_edited=\u00bbon|phone\u00bb custom_margin=\u00bb|||20vh|false|false\u00bb custom_margin_tablet=\u00bb|||20vh|false|false\u00bb custom_margin_phone=\u00bb|||5vw|false|false\u00bb custom_margin_last_edited=\u00bbon|phone\u00bb custom_padding=\u00bb14px|9px|10px|16px|false|false\u00bb text_font_size_tablet=\u00bb31px\u00bb text_font_size_phone=\u00bb18px\u00bb text_font_size_last_edited=\u00bbon|phone\u00bb global_colors_info=\u00bb{}\u00bb]<\/p>\n<p>Accesos <strong>aqu\u00ed<\/strong><\/p>\n<p>[\/et_pb_text][\/et_pb_column][et_pb_column type=\u00bb1_2&#8243; _builder_version=\u00bb4.21.0&#8243; _module_preset=\u00bbdefault\u00bb global_colors_info=\u00bb{}\u00bb][et_pb_image src=\u00bbhttp:\/\/autoescuelabenidorm.com\/wp-content\/uploads\/2023\/07\/wepik-export-20230627072057EoW1-1.png\u00bb title_text=\u00bbwepik-export-20230627072057EoW1 1&#8243; align_tablet=\u00bb\u00bb align_phone=\u00bbright\u00bb align_last_edited=\u00bbon|phone\u00bb _builder_version=\u00bb4.21.0&#8243; _module_preset=\u00bbdefault\u00bb width=\u00bb66%\u00bb module_alignment=\u00bbright\u00bb custom_margin=\u00bb-1vh||0px||false|false\u00bb custom_margin_tablet=\u00bb-1vh||0px||false|false\u00bb custom_margin_phone=\u00bb-13vh||0px||false|false\u00bb custom_margin_last_edited=\u00bbon|phone\u00bb custom_padding=\u00bb|8vh|||false|false\u00bb global_colors_info=\u00bb{}\u00bb][\/et_pb_image][\/et_pb_column][\/et_pb_row][\/et_pb_section][et_pb_section fb_built=\u00bb1&#8243; disabled_on=\u00bboff|off|on\u00bb _builder_version=\u00bb4.21.0&#8243; _module_preset=\u00bbdefault\u00bb background_color=\u00bb#ffffff\u00bb z_index=\u00bb500&#8243; global_colors_info=\u00bb{}\u00bb][et_pb_row _builder_version=\u00bb4.21.0&#8243; _module_preset=\u00bbdefault\u00bb global_colors_info=\u00bb{}\u00bb][et_pb_column type=\u00bb4_4&#8243; _builder_version=\u00bb4.21.0&#8243; _module_preset=\u00bbdefault\u00bb background_color=\u00bb#1d9adb\u00bb global_colors_info=\u00bb{}\u00bb][et_pb_text _builder_version=\u00bb4.21.0&#8243; _module_preset=\u00bbdefault\u00bb text_font=\u00bbNunito|700|||||||\u00bb text_text_color=\u00bb#FFFFFF\u00bb text_font_size=\u00bb24px\u00bb text_orientation=\u00bbcenter\u00bb custom_margin=\u00bb3vh||2vh||false|false\u00bb global_colors_info=\u00bb{}\u00bb]<\/p>\n<p>Acceso DGT<\/p>\n<p>[\/et_pb_text][et_pb_image src=\u00bbhttp:\/\/autoescuelabenidorm.com\/wp-content\/uploads\/2023\/07\/Red.png\u00bb title_text=\u00bbRed\u00bb align=\u00bbcenter\u00bb _builder_version=\u00bb4.21.0&#8243; _module_preset=\u00bbdefault\u00bb custom_margin=\u00bb||1vh||false|false\u00bb global_colors_info=\u00bb{}\u00bb][\/et_pb_image][et_pb_text _builder_version=\u00bb4.21.0&#8243; _module_preset=\u00bbdefault\u00bb text_font=\u00bbNunito|300|||||||\u00bb text_text_color=\u00bb#FFFFFF\u00bb text_font_size=\u00bb18px\u00bb text_orientation=\u00bbcenter\u00bb custom_margin=\u00bb||2vh||false|false\u00bb custom_padding=\u00bb|5vw||5vw|false|false\u00bb global_colors_info=\u00bb{}\u00bb]<\/p>\n<p>Accede a la p\u00e1gina de la direcci\u00f3n General de Tr\u00e1fico para consultar ex\u00e1menes.<\/p>\n<p>[\/et_pb_text][et_pb_button button_url=\u00bbhttps:\/\/www.dgt.es\/nuestros-servicios\/permisos-de-conducir\/obtener-un-nuevo-permiso-de-conducir\/consulta-tu-nota-de-examen\/\u00bb url_new_window=\u00bbon\u00bb button_text=\u00bbVer DGT\u00bb button_alignment=\u00bbcenter\u00bb _builder_version=\u00bb4.21.0&#8243; _module_preset=\u00bbdefault\u00bb custom_button=\u00bbon\u00bb button_text_size=\u00bb17px\u00bb button_text_color=\u00bb#000000&#8243; button_bg_color=\u00bb#FFFFFF\u00bb button_border_width=\u00bb0px\u00bb button_border_radius=\u00bb0px\u00bb button_font=\u00bbNunito|600|||||||\u00bb button_icon=\u00bb&#xe046;||divi||400&#8243; button_icon_color=\u00bb#1d9adb\u00bb button_on_hover=\u00bboff\u00bb custom_margin=\u00bb||3vh||false|false\u00bb global_colors_info=\u00bb{}\u00bb][\/et_pb_button][\/et_pb_column][\/et_pb_row][et_pb_row _builder_version=\u00bb4.21.0&#8243; _module_preset=\u00bbdefault\u00bb global_colors_info=\u00bb{}\u00bb][et_pb_column type=\u00bb4_4&#8243; _builder_version=\u00bb4.21.0&#8243; _module_preset=\u00bbdefault\u00bb background_color=\u00bb#1d9adb\u00bb global_colors_info=\u00bb{}\u00bb][et_pb_text _builder_version=\u00bb4.21.0&#8243; _module_preset=\u00bbdefault\u00bb text_font=\u00bbNunito|700|||||||\u00bb text_text_color=\u00bb#FFFFFF\u00bb text_font_size=\u00bb24px\u00bb text_orientation=\u00bbcenter\u00bb custom_margin=\u00bb3vh||2vh||false|false\u00bb global_colors_info=\u00bb{}\u00bb]<\/p>\n<p>Acceso AEOL<\/p>\n<p>[\/et_pb_text][et_pb_image src=\u00bbhttp:\/\/autoescuelabenidorm.com\/wp-content\/uploads\/2023\/07\/Red.png\u00bb title_text=\u00bbRed\u00bb align=\u00bbcenter\u00bb _builder_version=\u00bb4.21.0&#8243; _module_preset=\u00bbdefault\u00bb custom_margin=\u00bb||1vh||false|false\u00bb global_colors_info=\u00bb{}\u00bb][\/et_pb_image][et_pb_text _builder_version=\u00bb4.21.0&#8243; _module_preset=\u00bbdefault\u00bb text_font=\u00bbNunito|300|||||||\u00bb text_text_color=\u00bb#FFFFFF\u00bb text_font_size=\u00bb18px\u00bb text_orientation=\u00bbcenter\u00bb custom_margin=\u00bb||2vh||false|false\u00bb custom_padding=\u00bb|5vw||5vw|false|false\u00bb global_colors_info=\u00bb{}\u00bb]<\/p>\n<p>Accede a Aeol para hacer test de tu permiso de conducci\u00f3n.<\/p>\n<p>[\/et_pb_text][et_pb_button button_url=\u00bbhttps:\/\/cloud.aeolservice.es\u00bb url_new_window=\u00bbon\u00bb button_text=\u00bbVer AEOL\u00bb button_alignment=\u00bbcenter\u00bb _builder_version=\u00bb4.21.0&#8243; _module_preset=\u00bbdefault\u00bb custom_button=\u00bbon\u00bb button_text_size=\u00bb17px\u00bb button_text_color=\u00bb#000000&#8243; button_bg_color=\u00bb#FFFFFF\u00bb button_border_width=\u00bb0px\u00bb button_border_radius=\u00bb0px\u00bb button_font=\u00bbNunito|600|||||||\u00bb button_icon=\u00bb&#xe046;||divi||400&#8243; button_icon_color=\u00bb#1d9adb\u00bb button_on_hover=\u00bboff\u00bb custom_margin=\u00bb||3vh||false|false\u00bb global_colors_info=\u00bb{}\u00bb][\/et_pb_button][\/et_pb_column][\/et_pb_row][\/et_pb_section][et_pb_section fb_built=\u00bb1&#8243; disabled_on=\u00bbon|on|off\u00bb _builder_version=\u00bb4.21.0&#8243; _module_preset=\u00bbdefault\u00bb background_color=\u00bb#ffffff\u00bb z_index=\u00bb500&#8243; global_colors_info=\u00bb{}\u00bb][et_pb_row column_structure=\u00bb1_2,1_2&#8243; make_equal=\u00bbon\u00bb disabled_on=\u00bbon|on|off\u00bb _builder_version=\u00bb4.21.0&#8243; _module_preset=\u00bbdefault\u00bb max_width=\u00bb2560px\u00bb global_colors_info=\u00bb{}\u00bb][et_pb_column type=\u00bb1_2&#8243; _builder_version=\u00bb4.21.0&#8243; _module_preset=\u00bbdefault\u00bb background_color=\u00bb#1d9adb\u00bb global_colors_info=\u00bb{}\u00bb][et_pb_text _builder_version=\u00bb4.21.0&#8243; _module_preset=\u00bbdefault\u00bb text_font=\u00bbNunito|300|||||||\u00bb text_text_color=\u00bb#FFFFFF\u00bb text_font_size=\u00bb20px\u00bb header_2_font=\u00bb|700|||||||\u00bb header_2_text_color=\u00bb#FFFFFF\u00bb header_2_font_size=\u00bb36px\u00bb custom_margin=\u00bb4vh|3vw|3vh|3vw|false|false\u00bb global_colors_info=\u00bb{}\u00bb]<\/p>\n<div style=\"position: relative;\">\n<h2>Acceso DGT<\/h2>\n<p><img decoding=\"async\" style=\"position: absolute; top: 0; right: 0;\" width=\"80vh\" src=\"http:\/\/autoescuelabenidorm.com\/wp-content\/uploads\/2023\/07\/Red.png\" \/>Accede a la p\u00e1gina de la Direcci\u00f3n<br \/>\nGeneralde Tr\u00e1fico para consultar<br \/>\nex\u00e1menes.<\/p>\n<\/div>\n<p>[\/et_pb_text][et_pb_button button_url=\u00bbhttps:\/\/www.dgt.es\/nuestros-servicios\/permisos-de-conducir\/obtener-un-nuevo-permiso-de-conducir\/consulta-tu-nota-de-examen\/\u00bb url_new_window=\u00bbon\u00bb button_text=\u00bbVer DGT\u00bb button_alignment=\u00bbright\u00bb _builder_version=\u00bb4.21.0&#8243; _module_preset=\u00bbdefault\u00bb custom_button=\u00bbon\u00bb button_text_size=\u00bb17px\u00bb button_text_color=\u00bb#000000&#8243; button_bg_color=\u00bb#ffffff\u00bb button_border_width=\u00bb2px\u00bb button_border_color=\u00bb#1d9adb\u00bb button_border_radius=\u00bb0px\u00bb button_font=\u00bbNunito||||||||\u00bb button_icon=\u00bb&#xe046;||divi||400&#8243; button_icon_color=\u00bb#1d9adb\u00bb button_on_hover=\u00bboff\u00bb custom_margin=\u00bb2vh|3vw|3vh||false|false\u00bb custom_padding=\u00bb3px||3px||false|false\u00bb button_text_color_last_edited=\u00bboff|desktop\u00bb locked=\u00bboff\u00bb global_colors_info=\u00bb{}\u00bb button_text_color__hover_enabled=\u00bbon|hover\u00bb button_text_color__hover=\u00bb#FFFFFF\u00bb button_bg_color__hover_enabled=\u00bbon|hover\u00bb button_bg_color__hover=\u00bb#1d9adb\u00bb button_bg_enable_color__hover=\u00bbon\u00bb button_icon_color__hover_enabled=\u00bbon|hover\u00bb button_icon_color__hover=\u00bb#FFFFFF\u00bb button_border_color__hover_enabled=\u00bbon|hover\u00bb button_border_color__hover=\u00bb#FFFFFF\u00bb][\/et_pb_button][\/et_pb_column][et_pb_column type=\u00bb1_2&#8243; _builder_version=\u00bb4.21.0&#8243; _module_preset=\u00bbdefault\u00bb background_color=\u00bb#1d9adb\u00bb global_colors_info=\u00bb{}\u00bb][et_pb_text _builder_version=\u00bb4.21.0&#8243; _module_preset=\u00bbdefault\u00bb text_font=\u00bbNunito|300|||||||\u00bb text_text_color=\u00bb#FFFFFF\u00bb text_font_size=\u00bb20px\u00bb header_2_font=\u00bb|700|||||||\u00bb header_2_text_color=\u00bb#FFFFFF\u00bb header_2_font_size=\u00bb36px\u00bb custom_margin=\u00bb4vh|3vw|3vh|3vw|false|false\u00bb locked=\u00bboff\u00bb global_colors_info=\u00bb{}\u00bb]<\/p>\n<div style=\"position: relative;\">\n<h2>Acceso AEOL<\/h2>\n<p><img decoding=\"async\" style=\"position: absolute; top: 0; right: 0;\" width=\"80vh\" src=\"http:\/\/autoescuelabenidorm.com\/wp-content\/uploads\/2023\/07\/Red.png\" \/>Accede a Aeol para hacer<br \/>\ntest de tu permiso de<br \/>\n conducci\u00f3n.<\/p>\n<\/div>\n<p>[\/et_pb_text][et_pb_button button_url=\u00bbhttps:\/\/cloud.aeolservice.es\u00bb url_new_window=\u00bbon\u00bb button_text=\u00bbVer AEOL\u00bb button_alignment=\u00bbright\u00bb _builder_version=\u00bb4.21.0&#8243; _module_preset=\u00bbdefault\u00bb custom_button=\u00bbon\u00bb button_text_size=\u00bb17px\u00bb button_text_color=\u00bb#000000&#8243; button_bg_color=\u00bb#ffffff\u00bb button_border_width=\u00bb2px\u00bb button_border_color=\u00bb#1d9adb\u00bb button_border_radius=\u00bb0px\u00bb button_font=\u00bbNunito||||||||\u00bb button_icon=\u00bb&#xe046;||divi||400&#8243; button_icon_color=\u00bb#1d9adb\u00bb button_on_hover=\u00bboff\u00bb custom_margin=\u00bb2vh|3vw|3vh||false|false\u00bb custom_padding=\u00bb3px||3px||false|false\u00bb locked=\u00bboff\u00bb global_colors_info=\u00bb{}\u00bb button_text_color__hover=\u00bb#FFFFFF\u00bb button_text_color__hover_enabled=\u00bbon|hover\u00bb button_bg_color__hover=\u00bb#1d9adb\u00bb button_bg_color__hover_enabled=\u00bbon|hover\u00bb button_icon_color__hover=\u00bb#FFFFFF\u00bb button_icon_color__hover_enabled=\u00bbon|hover\u00bb button_border_color__hover=\u00bb#FFFFFF\u00bb button_border_color__hover_enabled=\u00bbon|hover\u00bb][\/et_pb_button][\/et_pb_column][\/et_pb_row][\/et_pb_section]<\/p>\n","protected":false},"excerpt":{"rendered":"<p>Inicio &gt; Test y DGTAccede a la DGT y a la plataforma AEOL, revisa ex\u00e1mentes y realiza testsAccesos aqu\u00edAcceso DGTAccede a la p\u00e1gina de la direcci\u00f3n General de Tr\u00e1fico para consultar ex\u00e1menes.Acceso AEOLAccede a Aeol para hacer test de tu permiso de conducci\u00f3n. Acceso DGT Accede a la p\u00e1gina de la Direcci\u00f3n Generalde Tr\u00e1fico para [&hellip;]<\/p>\n","protected":false},"author":1,"featured_media":0,"parent":0,"menu_order":0,"comment_status":"closed","ping_status":"closed","template":"","meta":{"_et_pb_use_builder":"on","_et_pb_old_content":"<!-- wp:divi\/placeholder \/-->","_et_gb_content_width":"","inline_featured_image":false,"footnotes":""},"class_list":["post-41","page","type-page","status-publish","hentry"],"yoast_head":"<!-- This site is optimized with the Yoast SEO plugin v27.3 - https:\/\/yoast.com\/product\/yoast-seo-wordpress\/ -->\r\n<title>Test y DGT - Autoescuela Benidorm<\/title>\r\n<meta name=\"description\" content=\"Accede desde aqu\u00ed a la plataforma AEOL para realizar tus test antes del examen, o ve directamente a la DGT para consultar ex\u00e1menes.\" \/>\r\n<meta name=\"robots\" content=\"index, follow, max-snippet:-1, max-image-preview:large, max-video-preview:-1\" \/>\r\n<link rel=\"canonical\" href=\"https:\/\/autoescuelabenidorm.com\/en\/test-y-dgt\/\" \/>\r\n<meta property=\"og:locale\" content=\"en_GB\" \/>\r\n<meta property=\"og:type\" content=\"article\" \/>\r\n<meta property=\"og:title\" content=\"Test y DGT\" \/>\r\n<meta property=\"og:description\" content=\"Accede desde aqu\u00ed a la plataforma AEOL para realizar tus test antes del examen, o ve directamente a la DGT para consultar ex\u00e1menes.\" \/>\r\n<meta property=\"og:url\" content=\"https:\/\/autoescuelabenidorm.com\/en\/test-y-dgt\/\" \/>\r\n<meta property=\"og:site_name\" content=\"Autoescuela Benidorm\" \/>\r\n<meta property=\"article:modified_time\" content=\"2023-07-26T08:24:33+00:00\" \/>\r\n<meta property=\"og:image\" content=\"https:\/\/autoescuelabenidorm.com\/wp-content\/uploads\/2023\/07\/Logo-Fondo-blanco.png\" \/>\r\n\t<meta property=\"og:image:width\" content=\"348\" \/>\r\n\t<meta property=\"og:image:height\" content=\"198\" \/>\r\n\t<meta property=\"og:image:type\" content=\"image\/png\" \/>\r\n<meta name=\"twitter:card\" content=\"summary_large_image\" \/>\r\n<meta name=\"twitter:title\" content=\"Test y DGT\" \/>\r\n<meta name=\"twitter:description\" content=\"Accede desde aqu\u00ed a la plataforma AEOL para realizar tus test antes del examen, o ve directamente a la DGT para consultar ex\u00e1menes.\" \/>\r\n<meta name=\"twitter:image\" content=\"https:\/\/autoescuelabenidorm.com\/wp-content\/uploads\/2023\/07\/Logo-Fondo-blanco.png\" \/>\r\n<meta name=\"twitter:label1\" content=\"Estimated reading time\" \/>\n\t<meta name=\"twitter:data1\" content=\"3 minutes\" \/>\r\n<script type=\"application\/ld+json\" class=\"yoast-schema-graph\">{\"@context\":\"https:\\\/\\\/schema.org\",\"@graph\":[{\"@type\":\"WebPage\",\"@id\":\"https:\\\/\\\/autoescuelabenidorm.com\\\/test-y-dgt\\\/\",\"url\":\"https:\\\/\\\/autoescuelabenidorm.com\\\/test-y-dgt\\\/\",\"name\":\"Test y DGT - Autoescuela Benidorm\",\"isPartOf\":{\"@id\":\"https:\\\/\\\/autoescuelabenidorm.com\\\/#website\"},\"primaryImageOfPage\":{\"@id\":\"https:\\\/\\\/autoescuelabenidorm.com\\\/test-y-dgt\\\/#primaryimage\"},\"image\":{\"@id\":\"https:\\\/\\\/autoescuelabenidorm.com\\\/test-y-dgt\\\/#primaryimage\"},\"thumbnailUrl\":\"http:\\\/\\\/autoescuelabenidorm.com\\\/wp-content\\\/uploads\\\/2023\\\/07\\\/Red.png\",\"datePublished\":\"2023-07-17T11:51:28+00:00\",\"dateModified\":\"2023-07-26T08:24:33+00:00\",\"description\":\"Accede desde aqu\u00ed a la plataforma AEOL para realizar tus test antes del examen, o ve directamente a la DGT para consultar ex\u00e1menes.\",\"breadcrumb\":{\"@id\":\"https:\\\/\\\/autoescuelabenidorm.com\\\/test-y-dgt\\\/#breadcrumb\"},\"inLanguage\":\"en-GB\",\"potentialAction\":[{\"@type\":\"ReadAction\",\"target\":[\"https:\\\/\\\/autoescuelabenidorm.com\\\/test-y-dgt\\\/\"]}]},{\"@type\":\"ImageObject\",\"inLanguage\":\"en-GB\",\"@id\":\"https:\\\/\\\/autoescuelabenidorm.com\\\/test-y-dgt\\\/#primaryimage\",\"url\":\"http:\\\/\\\/autoescuelabenidorm.com\\\/wp-content\\\/uploads\\\/2023\\\/07\\\/Red.png\",\"contentUrl\":\"http:\\\/\\\/autoescuelabenidorm.com\\\/wp-content\\\/uploads\\\/2023\\\/07\\\/Red.png\"},{\"@type\":\"BreadcrumbList\",\"@id\":\"https:\\\/\\\/autoescuelabenidorm.com\\\/test-y-dgt\\\/#breadcrumb\",\"itemListElement\":[{\"@type\":\"ListItem\",\"position\":1,\"name\":\"Portada\",\"item\":\"https:\\\/\\\/autoescuelabenidorm.com\\\/\"},{\"@type\":\"ListItem\",\"position\":2,\"name\":\"Test y DGT\"}]},{\"@type\":\"WebSite\",\"@id\":\"https:\\\/\\\/autoescuelabenidorm.com\\\/#website\",\"url\":\"https:\\\/\\\/autoescuelabenidorm.com\\\/\",\"name\":\"Autoescuela Benidorm\",\"description\":\"Tu autoescuela en Benidorm\",\"publisher\":{\"@id\":\"https:\\\/\\\/autoescuelabenidorm.com\\\/#organization\"},\"potentialAction\":[{\"@type\":\"SearchAction\",\"target\":{\"@type\":\"EntryPoint\",\"urlTemplate\":\"https:\\\/\\\/autoescuelabenidorm.com\\\/?s={search_term_string}\"},\"query-input\":{\"@type\":\"PropertyValueSpecification\",\"valueRequired\":true,\"valueName\":\"search_term_string\"}}],\"inLanguage\":\"en-GB\"},{\"@type\":\"Organization\",\"@id\":\"https:\\\/\\\/autoescuelabenidorm.com\\\/#organization\",\"name\":\"Autoescuela Benidorm\",\"url\":\"https:\\\/\\\/autoescuelabenidorm.com\\\/\",\"logo\":{\"@type\":\"ImageObject\",\"inLanguage\":\"en-GB\",\"@id\":\"https:\\\/\\\/autoescuelabenidorm.com\\\/#\\\/schema\\\/logo\\\/image\\\/\",\"url\":\"http:\\\/\\\/autoescuelabenidorm.com\\\/wp-content\\\/uploads\\\/2023\\\/07\\\/Logo-autoescuela-benidorm.png\",\"contentUrl\":\"http:\\\/\\\/autoescuelabenidorm.com\\\/wp-content\\\/uploads\\\/2023\\\/07\\\/Logo-autoescuela-benidorm.png\",\"width\":306,\"height\":136,\"caption\":\"Autoescuela Benidorm\"},\"image\":{\"@id\":\"https:\\\/\\\/autoescuelabenidorm.com\\\/#\\\/schema\\\/logo\\\/image\\\/\"},\"sameAs\":[\"https:\\\/\\\/www.instagram.com\\\/autoescuelabenidorm\\\/\"]}]}<\/script>\r\n<!-- \/ Yoast SEO plugin. -->","yoast_head_json":{"title":"Test y DGT - Autoescuela Benidorm","description":"Accede desde aqu\u00ed a la plataforma AEOL para realizar tus test antes del examen, o ve directamente a la DGT para consultar ex\u00e1menes.","robots":{"index":"index","follow":"follow","max-snippet":"max-snippet:-1","max-image-preview":"max-image-preview:large","max-video-preview":"max-video-preview:-1"},"canonical":"https:\/\/autoescuelabenidorm.com\/en\/test-y-dgt\/","og_locale":"en_GB","og_type":"article","og_title":"Test y DGT","og_description":"Accede desde aqu\u00ed a la plataforma AEOL para realizar tus test antes del examen, o ve directamente a la DGT para consultar ex\u00e1menes.","og_url":"https:\/\/autoescuelabenidorm.com\/en\/test-y-dgt\/","og_site_name":"Autoescuela Benidorm","article_modified_time":"2023-07-26T08:24:33+00:00","og_image":[{"width":348,"height":198,"url":"https:\/\/autoescuelabenidorm.com\/wp-content\/uploads\/2023\/07\/Logo-Fondo-blanco.png","type":"image\/png"}],"twitter_card":"summary_large_image","twitter_title":"Test y DGT","twitter_description":"Accede desde aqu\u00ed a la plataforma AEOL para realizar tus test antes del examen, o ve directamente a la DGT para consultar ex\u00e1menes.","twitter_image":"https:\/\/autoescuelabenidorm.com\/wp-content\/uploads\/2023\/07\/Logo-Fondo-blanco.png","twitter_misc":{"Estimated reading time":"3 minutes"},"schema":{"@context":"https:\/\/schema.org","@graph":[{"@type":"WebPage","@id":"https:\/\/autoescuelabenidorm.com\/test-y-dgt\/","url":"https:\/\/autoescuelabenidorm.com\/test-y-dgt\/","name":"Test y DGT - Autoescuela Benidorm","isPartOf":{"@id":"https:\/\/autoescuelabenidorm.com\/#website"},"primaryImageOfPage":{"@id":"https:\/\/autoescuelabenidorm.com\/test-y-dgt\/#primaryimage"},"image":{"@id":"https:\/\/autoescuelabenidorm.com\/test-y-dgt\/#primaryimage"},"thumbnailUrl":"http:\/\/autoescuelabenidorm.com\/wp-content\/uploads\/2023\/07\/Red.png","datePublished":"2023-07-17T11:51:28+00:00","dateModified":"2023-07-26T08:24:33+00:00","description":"Accede desde aqu\u00ed a la plataforma AEOL para realizar tus test antes del examen, o ve directamente a la DGT para consultar ex\u00e1menes.","breadcrumb":{"@id":"https:\/\/autoescuelabenidorm.com\/test-y-dgt\/#breadcrumb"},"inLanguage":"en-GB","potentialAction":[{"@type":"ReadAction","target":["https:\/\/autoescuelabenidorm.com\/test-y-dgt\/"]}]},{"@type":"ImageObject","inLanguage":"en-GB","@id":"https:\/\/autoescuelabenidorm.com\/test-y-dgt\/#primaryimage","url":"http:\/\/autoescuelabenidorm.com\/wp-content\/uploads\/2023\/07\/Red.png","contentUrl":"http:\/\/autoescuelabenidorm.com\/wp-content\/uploads\/2023\/07\/Red.png"},{"@type":"BreadcrumbList","@id":"https:\/\/autoescuelabenidorm.com\/test-y-dgt\/#breadcrumb","itemListElement":[{"@type":"ListItem","position":1,"name":"Portada","item":"https:\/\/autoescuelabenidorm.com\/"},{"@type":"ListItem","position":2,"name":"Test y DGT"}]},{"@type":"WebSite","@id":"https:\/\/autoescuelabenidorm.com\/#website","url":"https:\/\/autoescuelabenidorm.com\/","name":"Autoescuela Benidorm","description":"Tu autoescuela en Benidorm","publisher":{"@id":"https:\/\/autoescuelabenidorm.com\/#organization"},"potentialAction":[{"@type":"SearchAction","target":{"@type":"EntryPoint","urlTemplate":"https:\/\/autoescuelabenidorm.com\/?s={search_term_string}"},"query-input":{"@type":"PropertyValueSpecification","valueRequired":true,"valueName":"search_term_string"}}],"inLanguage":"en-GB"},{"@type":"Organization","@id":"https:\/\/autoescuelabenidorm.com\/#organization","name":"Autoescuela Benidorm","url":"https:\/\/autoescuelabenidorm.com\/","logo":{"@type":"ImageObject","inLanguage":"en-GB","@id":"https:\/\/autoescuelabenidorm.com\/#\/schema\/logo\/image\/","url":"http:\/\/autoescuelabenidorm.com\/wp-content\/uploads\/2023\/07\/Logo-autoescuela-benidorm.png","contentUrl":"http:\/\/autoescuelabenidorm.com\/wp-content\/uploads\/2023\/07\/Logo-autoescuela-benidorm.png","width":306,"height":136,"caption":"Autoescuela Benidorm"},"image":{"@id":"https:\/\/autoescuelabenidorm.com\/#\/schema\/logo\/image\/"},"sameAs":["https:\/\/www.instagram.com\/autoescuelabenidorm\/"]}]}},"_links":{"self":[{"href":"https:\/\/autoescuelabenidorm.com\/en\/wp-json\/wp\/v2\/pages\/41","targetHints":{"allow":["GET"]}}],"collection":[{"href":"https:\/\/autoescuelabenidorm.com\/en\/wp-json\/wp\/v2\/pages"}],"about":[{"href":"https:\/\/autoescuelabenidorm.com\/en\/wp-json\/wp\/v2\/types\/page"}],"author":[{"embeddable":true,"href":"https:\/\/autoescuelabenidorm.com\/en\/wp-json\/wp\/v2\/users\/1"}],"replies":[{"embeddable":true,"href":"https:\/\/autoescuelabenidorm.com\/en\/wp-json\/wp\/v2\/comments?post=41"}],"version-history":[{"count":28,"href":"https:\/\/autoescuelabenidorm.com\/en\/wp-json\/wp\/v2\/pages\/41\/revisions"}],"predecessor-version":[{"id":518,"href":"https:\/\/autoescuelabenidorm.com\/en\/wp-json\/wp\/v2\/pages\/41\/revisions\/518"}],"wp:attachment":[{"href":"https:\/\/autoescuelabenidorm.com\/en\/wp-json\/wp\/v2\/media?parent=41"}],"curies":[{"name":"wp","href":"https:\/\/api.w.org\/{rel}","templated":true}]}}